{"id":2301,"date":"2026-01-09T10:49:27","date_gmt":"2026-01-09T15:49:27","guid":{"rendered":"https:\/\/texasgivingmachine.org\/?page_id=2301"},"modified":"2026-01-09T14:21:18","modified_gmt":"2026-01-09T19:21:18","slug":"privacy-policy","status":"publish","type":"page","link":"https:\/\/texasgivingmachine.org\/es\/privacy-policy\/","title":{"rendered":"Pol\u00edtica de privacidad"},"content":{"rendered":"<div data-elementor-type=\"wp-page\" data-elementor-id=\"2301\" class=\"elementor elementor-2301\" data-elementor-post-type=\"page\">\n\t\t\t\t<div class=\"elementor-element elementor-element-041a052 e-flex e-con-boxed e-con e-parent\" data-id=\"041a052\" data-element_type=\"container\" data-e-type=\"container\">\n\t\t\t\t\t<div class=\"e-con-inner\">\n\t\t\t\t<div class=\"elementor-element elementor-element-2db7561 elementor-widget elementor-widget-text-editor\" data-id=\"2db7561\" data-element_type=\"widget\" data-e-type=\"widget\" data-widget_type=\"text-editor.default\">\n\t\t\t\t<div class=\"elementor-widget-container\">\n\t\t\t\t\t\t\t\t\t<h1 data-start=\"152\" data-end=\"168\">Pol\u00edtica de privacidad<\/h1><p data-start=\"170\" data-end=\"203\"><strong data-start=\"170\" data-end=\"189\">Fecha de entrada en vigor:<\/strong>\u00a08\/28\/2025<\/p><p data-start=\"354\" data-end=\"637\">La Fundaci\u00f3n Goforth (\u201cnosotros\u201d, \u201cnuestro\u201d o \u201cnos\u201d) gestiona varios sitios web dise\u00f1ados para proporcionar recursos comunitarios, noticias y novedades, as\u00ed como informaci\u00f3n sobre visitas y participaci\u00f3n en eventos.<br data-start=\"548\" data-end=\"551\" \/>Nos comprometemos a proteger su privacidad y a tratar su informaci\u00f3n de manera responsable.<\/p><hr data-start=\"639\" data-end=\"642\" \/><h2 data-start=\"644\" data-end=\"672\">1. Informaci\u00f3n que recopilamos<\/h2><p data-start=\"674\" data-end=\"720\">Recopilamos los siguientes tipos de informaci\u00f3n:<\/p><p data-start=\"722\" data-end=\"781\"><strong data-start=\"722\" data-end=\"767\">Informaci\u00f3n personal que usted proporciona directamente<\/strong>, incluyendo:<\/p><ul data-start=\"782\" data-end=\"1006\"><li data-start=\"782\" data-end=\"850\"><p data-start=\"784\" data-end=\"850\">Informaci\u00f3n de contacto (como nombre, direcci\u00f3n de correo electr\u00f3nico, n\u00famero de tel\u00e9fono).<\/p><\/li><li data-start=\"851\" data-end=\"925\"><p data-start=\"853\" data-end=\"925\">Informaci\u00f3n sobre reservas o venta de boletos (como reservas para excursiones o eventos).<\/p><\/li><li data-start=\"926\" data-end=\"960\"><p data-start=\"928\" data-end=\"960\">Respuestas a la encuesta y comentarios.<\/p><\/li><li data-start=\"961\" data-end=\"1006\"><p data-start=\"963\" data-end=\"1006\">Suscripciones por correo electr\u00f3nico y env\u00edos de formularios.<\/p><\/li><\/ul><p data-start=\"1008\" data-end=\"1061\"><strong data-start=\"1008\" data-end=\"1047\">Informaci\u00f3n recopilada autom\u00e1ticamente<\/strong>, incluyendo:<\/p><ul data-start=\"1062\" data-end=\"1274\"><li data-start=\"1062\" data-end=\"1115\"><p data-start=\"1064\" data-end=\"1115\">Direcci\u00f3n IP, tipo de navegador e informaci\u00f3n del dispositivo.<\/p><\/li><li data-start=\"1116\" data-end=\"1184\"><p data-start=\"1118\" data-end=\"1184\">Datos de uso del sitio web (p\u00e1ginas visitadas, tiempo dedicado, fuente de referencia).<\/p><\/li><li data-start=\"1185\" data-end=\"1274\"><p data-start=\"1187\" data-end=\"1274\">Cookies y tecnolog\u00edas similares (para mejorar la funcionalidad del sitio y la experiencia del usuario).<\/p><\/li><\/ul><hr data-start=\"1276\" data-end=\"1279\" \/><h2 data-start=\"1281\" data-end=\"1314\">2. C\u00f3mo utilizamos su informaci\u00f3n<\/h2><p data-start=\"1316\" data-end=\"1355\">Utilizamos la informaci\u00f3n que recopilamos para:<\/p><ul data-start=\"1356\" data-end=\"1653\"><li data-start=\"1356\" data-end=\"1415\"><p data-start=\"1358\" data-end=\"1415\">Proporcionar, administrar y mejorar nuestros sitios web y servicios.<\/p><\/li><li data-start=\"1416\" data-end=\"1500\"><p data-start=\"1418\" data-end=\"1500\">Comunicarnos con usted, incluyendo el env\u00edo de confirmaciones, actualizaciones y boletines informativos.<\/p><\/li><li data-start=\"1501\" data-end=\"1560\"><p data-start=\"1503\" data-end=\"1560\">Comprenda las tendencias de uso y mejore la experiencia de los visitantes.<\/p><\/li><li data-start=\"1561\" data-end=\"1618\"><p data-start=\"1563\" data-end=\"1618\">Responder a preguntas, comentarios y respuestas a encuestas.<\/p><\/li><li data-start=\"1619\" data-end=\"1653\"><p data-start=\"1621\" data-end=\"1653\">Cumplir con las obligaciones legales.<\/p><\/li><\/ul><p data-start=\"1655\" data-end=\"1725\">Lo hacemos.\u00a0<strong data-start=\"1661\" data-end=\"1707\">No vender ni alquilar su informaci\u00f3n personal.<\/strong>\u00a0a terceros.<\/p><hr data-start=\"1727\" data-end=\"1730\" \/><h2 data-start=\"1732\" data-end=\"1760\">3. Intercambio de informaci\u00f3n<\/h2><p data-start=\"1762\" data-end=\"1790\">Solo compartimos informaci\u00f3n:<\/p><ul data-start=\"1791\" data-end=\"2021\"><li data-start=\"1791\" data-end=\"1907\"><p data-start=\"1793\" data-end=\"1907\">Con proveedores de servicios de confianza que nos ayudan a gestionar nuestros sitios web (como plataformas de venta de entradas, correo electr\u00f3nico o encuestas).<\/p><\/li><li data-start=\"1908\" data-end=\"1961\"><p data-start=\"1910\" data-end=\"1961\">Si as\u00ed lo exige la ley, la normativa o un proceso legal.<\/p><\/li><li data-start=\"1962\" data-end=\"2021\"><p data-start=\"1964\" data-end=\"2021\">Para proteger nuestros derechos, nuestra seguridad o la seguridad de otros.<\/p><\/li><\/ul><p data-start=\"2023\" data-end=\"2077\">No compartimos informaci\u00f3n personal con anunciantes.<\/p><hr data-start=\"2079\" data-end=\"2082\" \/><h2 data-start=\"2084\" data-end=\"2109\">4. Sus derechos de privacidad<\/h2><p data-start=\"2111\" data-end=\"2170\">Dependiendo de d\u00f3nde vivas, puedes tener ciertos derechos:<\/p><ul data-start=\"2172\" data-end=\"2610\"><li data-start=\"2172\" data-end=\"2412\"><p data-start=\"2174\" data-end=\"2412\"><strong data-start=\"2174\" data-end=\"2211\">Residentes de California (CCPA\/CPRA):<\/strong>\u00a0Tienes derecho a saber qu\u00e9 informaci\u00f3n personal recopilamos, solicitar su eliminaci\u00f3n, optar por no vender\/compartir datos (no vendemos datos personales) y no ser discriminado por ejercer estos derechos.<\/p><\/li><li data-start=\"2413\" data-end=\"2610\"><p data-start=\"2415\" data-end=\"2610\"><strong data-start=\"2415\" data-end=\"2441\">Uni\u00f3n Europea (RGPD):<\/strong>\u00a0Tienes derecho a acceder, corregir, eliminar, restringir el procesamiento y solicitar la portabilidad de tus datos personales. Tambi\u00e9n puedes oponerte al procesamiento en determinados casos.<\/p><\/li><\/ul><p data-start=\"2612\" data-end=\"2692\">Para ejercer sus derechos, p\u00f3ngase en contacto con nosotros en:\u00a0<strong data-start=\"2659\" data-end=\"2692\"><a class=\"decorated-link cursor-pointer\" rel=\"noopener\" data-start=\"2661\" data-end=\"2690\">privacy@goforthfoundation.org<\/a><\/strong><\/p><hr data-start=\"2694\" data-end=\"2697\" \/><h2 data-start=\"2699\" data-end=\"2718\">5. Seguridad de los datos<\/h2><p data-start=\"2720\" data-end=\"2941\">Utilizamos medidas de seguridad t\u00e9cnicas y organizativas razonables para proteger su informaci\u00f3n contra el acceso no autorizado, la divulgaci\u00f3n o el uso indebido. Sin embargo, ning\u00fan sistema es completamente seguro y no podemos garantizar la seguridad absoluta.<\/p><hr data-start=\"2943\" data-end=\"2946\" \/><h2 data-start=\"2948\" data-end=\"2968\">6. Retenci\u00f3n de datos<\/h2><p data-start=\"2970\" data-end=\"3116\">Conservamos su informaci\u00f3n personal solo durante el tiempo necesario para los fines descritos anteriormente, a menos que la ley exija un periodo de conservaci\u00f3n m\u00e1s largo.<\/p><hr data-start=\"3118\" data-end=\"3121\" \/><h2 data-start=\"3123\" data-end=\"3147\">7. Privacidad de los ni\u00f1os<\/h2><p data-start=\"3149\" data-end=\"3339\">Nuestros sitios web no est\u00e1n dirigidos a menores de 16 a\u00f1os. No recopilamos deliberadamente informaci\u00f3n personal de menores. Si descubrimos que lo hemos hecho, eliminaremos dicha informaci\u00f3n de inmediato.<\/p><hr data-start=\"3341\" data-end=\"3344\" \/><h2 data-start=\"3346\" data-end=\"3371\">8. Usuarios internacionales<\/h2><p data-start=\"3373\" data-end=\"3550\">Si accede a nuestros sitios desde fuera de los Estados Unidos, su informaci\u00f3n puede ser transferida y procesada en los Estados Unidos. Al utilizar nuestros sitios web, usted da su consentimiento para esta transferencia.<\/p><hr data-start=\"3552\" data-end=\"3555\" \/><h2 data-start=\"3557\" data-end=\"3580\">9. Enlaces de terceros<\/h2><p data-start=\"3582\" data-end=\"3696\">Nuestros sitios web pueden contener enlaces a otros sitios web. No nos hacemos responsables de las pr\u00e1cticas de privacidad de dichos sitios.<\/p><hr data-start=\"3698\" data-end=\"3701\" \/><h2 data-start=\"3703\" data-end=\"3732\">10. Cambios en esta pol\u00edtica<\/h2><p data-start=\"3734\" data-end=\"3901\">Podemos actualizar esta Pol\u00edtica de privacidad peri\u00f3dicamente. Las actualizaciones se publicar\u00e1n en esta p\u00e1gina con una fecha de vigencia revisada. Le recomendamos que revise esta p\u00e1gina con regularidad.<\/p><hr data-start=\"3903\" data-end=\"3906\" \/><h2 data-start=\"3908\" data-end=\"3925\">11. Cont\u00e1ctenos<\/h2><p data-start=\"3927\" data-end=\"4016\">Si tiene alguna pregunta sobre esta Pol\u00edtica de Privacidad o sobre sus datos, p\u00f3ngase en contacto con nosotros en:<\/p><p data-start=\"4018\" data-end=\"4132\"><strong data-start=\"4018\" data-end=\"4028\">Correo electr\u00f3nico:<\/strong>\u00a0<a class=\"decorated-link cursor-pointer\" rel=\"noopener\" data-start=\"4029\" data-end=\"4058\">privacy@goforthfoundation.org<\/a><br data-start=\"4058\" data-end=\"4061\" \/><strong data-start=\"4061\" data-end=\"4073\">Ubicaci\u00f3n:<\/strong>\u00a0Fundaci\u00f3n GoForth, 6 W Main St, American Fork, UT 84003<\/p>\t\t\t\t\t\t\t\t<\/div>\n\t\t\t\t<\/div>\n\t\t\t\t\t<\/div>\n\t\t\t\t<\/div>\n\t\t<div class=\"elementor-element elementor-element-411ec73 e-flex e-con-boxed e-con e-parent\" data-id=\"411ec73\" data-element_type=\"container\" data-e-type=\"container\">\n\t\t\t\t\t<div class=\"e-con-inner\">\n\t\t\t\t<div class=\"elementor-element elementor-element-b6ffc29 elementor-widget elementor-widget-spacer\" data-id=\"b6ffc29\" data-element_type=\"widget\" data-e-type=\"widget\" data-widget_type=\"spacer.default\">\n\t\t\t\t<div class=\"elementor-widget-container\">\n\t\t\t\t\t\t\t<div class=\"elementor-spacer\">\n\t\t\t<div class=\"elementor-spacer-inner\"><\/div>\n\t\t<\/div>\n\t\t\t\t\t\t<\/div>\n\t\t\t\t<\/div>\n\t\t\t\t\t<\/div>\n\t\t\t\t<\/div>\n\t\t\t\t<\/div>","protected":false},"excerpt":{"rendered":"<p>Privacy Policy Effective Date:\u00a08\/28\/2025 The Goforth Foundation (\u201cwe,\u201d \u201cour,\u201d or \u201cus\u201d) operates a number of websites designed to provide community resources, news and updates, and information about visiting and participating [&hellip;]<\/p>\n","protected":false},"author":3,"featured_media":0,"parent":0,"menu_order":0,"comment_status":"closed","ping_status":"closed","template":"elementor_header_footer","meta":{"_price":"","_stock":"","_tribe_ticket_header":"","_tribe_default_ticket_provider":"","_tribe_ticket_capacity":"0","_ticket_start_date":"","_ticket_end_date":"","_tribe_ticket_show_description":"","_tribe_ticket_show_not_going":false,"_tribe_ticket_use_global_stock":"","_tribe_ticket_global_stock_level":"","_global_stock_mode":"","_global_stock_cap":"","_tribe_rsvp_for_event":"","_tribe_ticket_going_count":"","_tribe_ticket_not_going_count":"","_tribe_tickets_list":"[]","_tribe_ticket_has_attendee_info_fields":false,"footnotes":"","_tec_slr_enabled":"","_tec_slr_layout":""},"class_list":["post-2301","page","type-page","status-publish","hentry"],"yoast_head":"<!-- This site is optimized with the Yoast SEO plugin v27.4 - https:\/\/yoast.com\/product\/yoast-seo-wordpress\/ -->\n<title>Privacy Policy - Giving Machines Texas<\/title>\n<meta name=\"robots\" content=\"index, follow, max-snippet:-1, max-image-preview:large, max-video-preview:-1\" \/>\n<link rel=\"canonical\" href=\"https:\/\/texasgivingmachine.org\/es\/privacy-policy\/\" \/>\n<meta property=\"og:locale\" content=\"es_MX\" \/>\n<meta property=\"og:type\" content=\"article\" \/>\n<meta property=\"og:title\" content=\"Privacy Policy - Giving Machines Texas\" \/>\n<meta property=\"og:description\" content=\"Privacy Policy Effective Date:\u00a08\/28\/2025 The Goforth Foundation (\u201cwe,\u201d \u201cour,\u201d or \u201cus\u201d) operates a number of websites designed to provide community resources, news and updates, and information about visiting and participating [&hellip;]\" \/>\n<meta property=\"og:url\" content=\"https:\/\/texasgivingmachine.org\/es\/privacy-policy\/\" \/>\n<meta property=\"og:site_name\" content=\"Giving Machines Texas\" \/>\n<meta property=\"article:publisher\" content=\"https:\/\/www.facebook.com\/TexasGivingMachine\/\" \/>\n<meta property=\"article:modified_time\" content=\"2026-01-09T19:21:18+00:00\" \/>\n<meta name=\"twitter:card\" content=\"summary_large_image\" \/>\n<meta name=\"twitter:label1\" content=\"Tiempo de lectura\" \/>\n\t<meta name=\"twitter:data1\" content=\"3 minutos\" \/>\n<script type=\"application\/ld+json\" class=\"yoast-schema-graph\">{\"@context\":\"https:\\\/\\\/schema.org\",\"@graph\":[{\"@type\":\"WebPage\",\"@id\":\"https:\\\/\\\/texasgivingmachine.org\\\/privacy-policy\\\/\",\"url\":\"https:\\\/\\\/texasgivingmachine.org\\\/privacy-policy\\\/\",\"name\":\"Privacy Policy - Giving Machines Texas\",\"isPartOf\":{\"@id\":\"https:\\\/\\\/texasgivingmachine.org\\\/#website\"},\"datePublished\":\"2026-01-09T15:49:27+00:00\",\"dateModified\":\"2026-01-09T19:21:18+00:00\",\"breadcrumb\":{\"@id\":\"https:\\\/\\\/texasgivingmachine.org\\\/privacy-policy\\\/#breadcrumb\"},\"inLanguage\":\"es\",\"potentialAction\":[{\"@type\":\"ReadAction\",\"target\":[\"https:\\\/\\\/texasgivingmachine.org\\\/privacy-policy\\\/\"]}]},{\"@type\":\"BreadcrumbList\",\"@id\":\"https:\\\/\\\/texasgivingmachine.org\\\/privacy-policy\\\/#breadcrumb\",\"itemListElement\":[{\"@type\":\"ListItem\",\"position\":1,\"name\":\"Home\",\"item\":\"https:\\\/\\\/texasgivingmachine.org\\\/\"},{\"@type\":\"ListItem\",\"position\":2,\"name\":\"Privacy Policy\"}]},{\"@type\":\"WebSite\",\"@id\":\"https:\\\/\\\/texasgivingmachine.org\\\/#website\",\"url\":\"https:\\\/\\\/texasgivingmachine.org\\\/\",\"name\":\"Giving Machines Texas\",\"description\":\"Light the World\",\"publisher\":{\"@id\":\"https:\\\/\\\/texasgivingmachine.org\\\/#organization\"},\"potentialAction\":[{\"@type\":\"SearchAction\",\"target\":{\"@type\":\"EntryPoint\",\"urlTemplate\":\"https:\\\/\\\/texasgivingmachine.org\\\/?s={search_term_string}\"},\"query-input\":{\"@type\":\"PropertyValueSpecification\",\"valueRequired\":true,\"valueName\":\"search_term_string\"}}],\"inLanguage\":\"es\"},{\"@type\":\"Organization\",\"@id\":\"https:\\\/\\\/texasgivingmachine.org\\\/#organization\",\"name\":\"Giving Machines Texas\",\"url\":\"https:\\\/\\\/texasgivingmachine.org\\\/\",\"logo\":{\"@type\":\"ImageObject\",\"inLanguage\":\"es\",\"@id\":\"https:\\\/\\\/texasgivingmachine.org\\\/#\\\/schema\\\/logo\\\/image\\\/\",\"url\":\"https:\\\/\\\/texasgivingmachine.org\\\/wp-content\\\/uploads\\\/2024\\\/09\\\/Light-the-World-Texas-Logo.png\",\"contentUrl\":\"https:\\\/\\\/texasgivingmachine.org\\\/wp-content\\\/uploads\\\/2024\\\/09\\\/Light-the-World-Texas-Logo.png\",\"width\":600,\"height\":230,\"caption\":\"Giving Machines Texas\"},\"image\":{\"@id\":\"https:\\\/\\\/texasgivingmachine.org\\\/#\\\/schema\\\/logo\\\/image\\\/\"},\"sameAs\":[\"https:\\\/\\\/www.facebook.com\\\/TexasGivingMachine\\\/\",\"https:\\\/\\\/www.instagram.com\\\/texasgivingmachine\\\/\"]}]}<\/script>\n<!-- \/ Yoast SEO plugin. -->","yoast_head_json":{"title":"Privacy Policy - Giving Machines Texas","robots":{"index":"index","follow":"follow","max-snippet":"max-snippet:-1","max-image-preview":"max-image-preview:large","max-video-preview":"max-video-preview:-1"},"canonical":"https:\/\/texasgivingmachine.org\/es\/privacy-policy\/","og_locale":"es_MX","og_type":"article","og_title":"Privacy Policy - Giving Machines Texas","og_description":"Privacy Policy Effective Date:\u00a08\/28\/2025 The Goforth Foundation (\u201cwe,\u201d \u201cour,\u201d or \u201cus\u201d) operates a number of websites designed to provide community resources, news and updates, and information about visiting and participating [&hellip;]","og_url":"https:\/\/texasgivingmachine.org\/es\/privacy-policy\/","og_site_name":"Giving Machines Texas","article_publisher":"https:\/\/www.facebook.com\/TexasGivingMachine\/","article_modified_time":"2026-01-09T19:21:18+00:00","twitter_card":"summary_large_image","twitter_misc":{"Tiempo de lectura":"3 minutos"},"schema":{"@context":"https:\/\/schema.org","@graph":[{"@type":"WebPage","@id":"https:\/\/texasgivingmachine.org\/privacy-policy\/","url":"https:\/\/texasgivingmachine.org\/privacy-policy\/","name":"Privacy Policy - Giving Machines Texas","isPartOf":{"@id":"https:\/\/texasgivingmachine.org\/#website"},"datePublished":"2026-01-09T15:49:27+00:00","dateModified":"2026-01-09T19:21:18+00:00","breadcrumb":{"@id":"https:\/\/texasgivingmachine.org\/privacy-policy\/#breadcrumb"},"inLanguage":"es","potentialAction":[{"@type":"ReadAction","target":["https:\/\/texasgivingmachine.org\/privacy-policy\/"]}]},{"@type":"BreadcrumbList","@id":"https:\/\/texasgivingmachine.org\/privacy-policy\/#breadcrumb","itemListElement":[{"@type":"ListItem","position":1,"name":"Home","item":"https:\/\/texasgivingmachine.org\/"},{"@type":"ListItem","position":2,"name":"Privacy Policy"}]},{"@type":"WebSite","@id":"https:\/\/texasgivingmachine.org\/#website","url":"https:\/\/texasgivingmachine.org\/","name":"M\u00e1quinas donadoras Texas","description":"Ilumina el mundo","publisher":{"@id":"https:\/\/texasgivingmachine.org\/#organization"},"potentialAction":[{"@type":"SearchAction","target":{"@type":"EntryPoint","urlTemplate":"https:\/\/texasgivingmachine.org\/?s={search_term_string}"},"query-input":{"@type":"PropertyValueSpecification","valueRequired":true,"valueName":"search_term_string"}}],"inLanguage":"es"},{"@type":"Organization","@id":"https:\/\/texasgivingmachine.org\/#organization","name":"M\u00e1quinas donadoras Texas","url":"https:\/\/texasgivingmachine.org\/","logo":{"@type":"ImageObject","inLanguage":"es","@id":"https:\/\/texasgivingmachine.org\/#\/schema\/logo\/image\/","url":"https:\/\/texasgivingmachine.org\/wp-content\/uploads\/2024\/09\/Light-the-World-Texas-Logo.png","contentUrl":"https:\/\/texasgivingmachine.org\/wp-content\/uploads\/2024\/09\/Light-the-World-Texas-Logo.png","width":600,"height":230,"caption":"Giving Machines Texas"},"image":{"@id":"https:\/\/texasgivingmachine.org\/#\/schema\/logo\/image\/"},"sameAs":["https:\/\/www.facebook.com\/TexasGivingMachine\/","https:\/\/www.instagram.com\/texasgivingmachine\/"]}]}},"ticketed":false,"_links":{"self":[{"href":"https:\/\/texasgivingmachine.org\/es\/wp-json\/wp\/v2\/pages\/2301","targetHints":{"allow":["GET"]}}],"collection":[{"href":"https:\/\/texasgivingmachine.org\/es\/wp-json\/wp\/v2\/pages"}],"about":[{"href":"https:\/\/texasgivingmachine.org\/es\/wp-json\/wp\/v2\/types\/page"}],"author":[{"embeddable":true,"href":"https:\/\/texasgivingmachine.org\/es\/wp-json\/wp\/v2\/users\/3"}],"replies":[{"embeddable":true,"href":"https:\/\/texasgivingmachine.org\/es\/wp-json\/wp\/v2\/comments?post=2301"}],"version-history":[{"count":10,"href":"https:\/\/texasgivingmachine.org\/es\/wp-json\/wp\/v2\/pages\/2301\/revisions"}],"predecessor-version":[{"id":2320,"href":"https:\/\/texasgivingmachine.org\/es\/wp-json\/wp\/v2\/pages\/2301\/revisions\/2320"}],"wp:attachment":[{"href":"https:\/\/texasgivingmachine.org\/es\/wp-json\/wp\/v2\/media?parent=2301"}],"curies":[{"name":"wp","href":"https:\/\/api.w.org\/{rel}","templated":true}]}}